{"id":236,"date":"2026-04-09T23:23:42","date_gmt":"2026-04-09T23:23:42","guid":{"rendered":"https:\/\/diveritemexico.mx\/?page_id=236"},"modified":"2026-04-09T23:29:57","modified_gmt":"2026-04-09T23:29:57","slug":"faq","status":"publish","type":"page","link":"https:\/\/diveritemexico.mx\/es\/faq\/","title":{"rendered":"FAQ"},"content":{"rendered":"<h5 class=\"wp-block-heading\">What is the warranty?<\/h5>\n\n\n\n<p>All products purchased through Dive Rite Mexico are backed by the branded manufacturer limited warranty. Warranties may vary by brand and type of product. You can consult the manufacturer\u2019s website and user manual of the product for specific details. Warranty service usually requires return the product to Dive Rite Mexico or the branded manufacturer.<\/p>\n\n\n\n<h5 class=\"wp-block-heading\">What is your return and refund policy?<\/h5>\n\n\n\n<p>Buscamos su completa satisfacci\u00f3n y tenemos una pol\u00edtica de devoluciones. Si alg\u00fan art\u00edculo que compras en Dive Rite M\u00e9xico tiene un defecto de tela, puedes devolverlo; a excepci\u00f3n de los art\u00edculos identificados en la descripci\u00f3n del producto como no retornables. El precio de compra del producto devuelto sin usar dentro de los 30 d\u00edas posteriores a la fecha de entrega se reembolsar\u00e1 al comprador original en la misma forma que el m\u00e9todo de pago del pedido. Para mercanc\u00edas devueltas en cualquier otra condici\u00f3n o despu\u00e9s de un mes, el comprador recibir\u00e1 cr\u00e9dito por mercanc\u00eda de la tienda. Te recomendamos contactar con nosotros antes de realizar una devoluci\u00f3n porque en muchos casos podemos resolver tus dudas sin devoluci\u00f3n.<\/p>\n\n\n\n<h5 class=\"wp-block-heading\">Can the \u201cShip To\u201d address be different than the \u201cBill To\u201d address?<\/h5>\n\n\n\n<p>Yes, your order can be shipped to an address other than your billing address by selecting checking out, entering your information will provide you the opportunity to manually enter any alternative &#8220;Ship To&#8221; address during the checkout process.<\/p>\n\n\n\n<h5 class=\"wp-block-heading\">How do I cancel my order?<\/h5>\n\n\n\n<p>If you have not yet received notification that your order has shipped, we usually can succeed in cancelling your order before it leaves our store. You can just reply to the order confirmation e-mail you received with your request. You can also send your request via our Contact Us page or write an email to <a href=\"https:\/\/info@diveritemexico.mx\/es\/\">info@diveritemexico.mx<\/a><\/p>\n\n\n\n<h5 class=\"wp-block-heading\">Can I pick up my order at your location (Playa del Carmen, Quintana Roo)?<\/h5>\n\n\n\n<p>Yes, you can place an order for in-store pickup up to 30 days before your requested pickup date. Use our shopping cart as usual to create your order and enter our store address in your PayPal account. Visit our Contact Us page for more information about our location.<\/p>\n\n\n\n<h5 class=\"wp-block-heading\">What is the cost of shipping?<\/h5>\n\n\n\n<p>The easiest way to determine our shipping costs is to add your items to the shopping cart, select \u201cEstimate Shipping,\u201d and then enter your shipping address to view all available shipping options and their costs. Please note that our shopping cart may sometimes be unable to accurately estimate shipping costs for certain large or heavy packages. If this happens, we will notify you of any adjustments before you confirm your order.<\/p>","protected":false},"excerpt":{"rendered":"<p>What is the warranty? All products purchased through Dive Rite Mexico are backed by the branded manufacturer limited warranty. Warranties may vary by brand and type of product. You can consult the manufacturer\u2019s website and user manual of the product for specific details. Warranty service usually requires return the product to Dive Rite Mexico or [&hellip;]<\/p>\n","protected":false},"author":1,"featured_media":0,"parent":0,"menu_order":0,"comment_status":"closed","ping_status":"closed","template":"","meta":{"_themeisle_gutenberg_block_has_review":false,"footnotes":""},"class_list":["post-236","page","type-page","status-publish","hentry"],"_links":{"self":[{"href":"https:\/\/diveritemexico.mx\/es\/wp-json\/wp\/v2\/pages\/236","targetHints":{"allow":["GET"]}}],"collection":[{"href":"https:\/\/diveritemexico.mx\/es\/wp-json\/wp\/v2\/pages"}],"about":[{"href":"https:\/\/diveritemexico.mx\/es\/wp-json\/wp\/v2\/types\/page"}],"author":[{"embeddable":true,"href":"https:\/\/diveritemexico.mx\/es\/wp-json\/wp\/v2\/users\/1"}],"replies":[{"embeddable":true,"href":"https:\/\/diveritemexico.mx\/es\/wp-json\/wp\/v2\/comments?post=236"}],"version-history":[{"count":2,"href":"https:\/\/diveritemexico.mx\/es\/wp-json\/wp\/v2\/pages\/236\/revisions"}],"predecessor-version":[{"id":244,"href":"https:\/\/diveritemexico.mx\/es\/wp-json\/wp\/v2\/pages\/236\/revisions\/244"}],"wp:attachment":[{"href":"https:\/\/diveritemexico.mx\/es\/wp-json\/wp\/v2\/media?parent=236"}],"curies":[{"name":"wp","href":"https:\/\/api.w.org\/{rel}","templated":true}]}}